{"id":110,"date":"2022-07-24T18:56:08","date_gmt":"2022-07-24T16:56:08","guid":{"rendered":"https:\/\/www.murmures-sauvages.fr\/?page_id=110"},"modified":"2023-06-20T10:08:19","modified_gmt":"2023-06-20T08:08:19","slug":"reseau","status":"publish","type":"page","link":"https:\/\/www.murmures-sauvages.fr\/index.php\/reseau\/","title":{"rendered":""},"content":{"rendered":"\n<figure class=\"wp-block-image size-full is-resized\"><img loading=\"lazy\" decoding=\"async\" src=\"https:\/\/www.murmures-sauvages.fr\/wp-content\/uploads\/2022\/08\/RESEAU.jpg\" alt=\"\" class=\"wp-image-185\" width=\"395\" height=\"205\" srcset=\"https:\/\/www.murmures-sauvages.fr\/wp-content\/uploads\/2022\/08\/RESEAU.jpg 413w, https:\/\/www.murmures-sauvages.fr\/wp-content\/uploads\/2022\/08\/RESEAU-300x156.jpg 300w\" sizes=\"auto, (max-width: 395px) 100vw, 395px\" \/><\/figure>\n\n\n\n<p><br><br>Accr\u00e9ditation photos : toutes les photos du site ont \u00e9t\u00e9 r\u00e9alis\u00e9es par <strong><a href=\"https:\/\/www.raphaelkann.com\/\" target=\"_blank\" rel=\"noreferrer noopener\">Raphael <\/a><a href=\"https:\/\/www.raphaelkann.com\/\">Kann<\/a><\/strong> photographe hors pair, professionnel et humain, que je remercie ici pour son incroyable travail et talent, et que je conseille \u00e0 toutes celles et ceux qui rechercheraient des photographies de qualit\u00e9.<br>Site web : <a href=\"http:\/\/www.raphaelkann.com\/\">http:\/\/www.raphaelkann.com<\/a><br><br><\/p>\n\n\n\n<figure class=\"wp-block-image alignleft size-full is-resized\"><img loading=\"lazy\" decoding=\"async\" src=\"https:\/\/www.murmures-sauvages.fr\/wp-content\/uploads\/2022\/07\/deux-logos.jpg\" alt=\"\" class=\"wp-image-113\" width=\"316\" height=\"140\" srcset=\"https:\/\/www.murmures-sauvages.fr\/wp-content\/uploads\/2022\/07\/deux-logos.jpg 801w, https:\/\/www.murmures-sauvages.fr\/wp-content\/uploads\/2022\/07\/deux-logos-300x133.jpg 300w, https:\/\/www.murmures-sauvages.fr\/wp-content\/uploads\/2022\/07\/deux-logos-768x341.jpg 768w\" sizes=\"auto, (max-width: 316px) 100vw, 316px\" \/><\/figure>\n\n\n\n<p>L&rsquo;agriculture biologique est un mode de production qui allie des pratiques environnementales optimales, le respect de\u00a0la biodiversit\u00e9 et la pr\u00e9servation des ressources naturelles. C&rsquo;est une agriculture sans engrais chimique, sans OGM, sans pesticide. <br>Je suis certifi\u00e9e par l&rsquo;organisme <a rel=\"noreferrer noopener\" href=\"http:\/\/www.ecocert.fr\" target=\"_blank\">ECOCERT<\/a> (FR-BIO-01) <\/p>\n\n\n\n<p><br><\/p>\n\n\n\n<figure class=\"wp-block-image alignleft size-full is-resized\"><img loading=\"lazy\" decoding=\"async\" src=\"https:\/\/www.murmures-sauvages.fr\/wp-content\/uploads\/2022\/07\/logo-SIMPLES.png\" alt=\"\" class=\"wp-image-114\" width=\"206\" height=\"199\" srcset=\"https:\/\/www.murmures-sauvages.fr\/wp-content\/uploads\/2022\/07\/logo-SIMPLES.png 512w, https:\/\/www.murmures-sauvages.fr\/wp-content\/uploads\/2022\/07\/logo-SIMPLES-300x288.png 300w\" sizes=\"auto, (max-width: 206px) 100vw, 206px\" \/><\/figure>\n\n\n\n<p>Le <a rel=\"noreferrer noopener\" href=\"https:\/\/www.syndicat-simples.org\/\" target=\"_blank\">syndicat <\/a><a href=\"https:\/\/www.syndicat-simples.org\/\">SIMPLES<\/a> regroupe les producteurs et cueilleurs des massifs montagneux de France. <br>Les adh\u00e9rents doivent respecter un cahier des charges tr\u00e8s strict en ce qui concerne la protection de l\u2019environnement, la pr\u00e9servation des ressources floristiques, la qualit\u00e9 de la production et le respect du consommateur. Ce sont des exigences qualitatives qui me conviennent.<br>Je ne suis actuellement que sympathisante aupr\u00e8s de ce syndicat mais je serai d\u00e8s l&rsquo;ann\u00e9e prochaine postulante pour l&rsquo;obtention de la labellisation Simples. <\/p>\n\n\n\n<figure class=\"wp-block-image alignleft size-full\"><img loading=\"lazy\" decoding=\"async\" width=\"300\" height=\"393\" src=\"https:\/\/www.murmures-sauvages.fr\/wp-content\/uploads\/2022\/09\/ariejo-me-1.jpg\" alt=\"\" class=\"wp-image-232\" srcset=\"https:\/\/www.murmures-sauvages.fr\/wp-content\/uploads\/2022\/09\/ariejo-me-1.jpg 300w, https:\/\/www.murmures-sauvages.fr\/wp-content\/uploads\/2022\/09\/ariejo-me-1-229x300.jpg 229w\" sizes=\"auto, (max-width: 300px) 100vw, 300px\" \/><\/figure>\n\n\n\n<p class=\"has-text-align-left\"><\/p>\n\n\n\n<p>On parle de Murmures Sauvages !<\/p>\n\n\n\n<p>Dans le num\u00e9ro de juillet 2022 <a href=\"https:\/\/fr.calameo.com\/read\/006341150ee372e6eaf18\" target=\"_blank\" rel=\"noreferrer noopener\">d&rsquo;Ari\u00e8jo<\/a>, le d\u00e9partement d&rsquo;Ari\u00e8ge a consacr\u00e9 un article aux balades que je propose. Un reportage dans la vall\u00e9e d&rsquo;Erc\u00e9 o\u00f9 l&rsquo;on a pu observer l&rsquo;ortie, l&rsquo;oseille, la reine des pr\u00e9s, la cardamine h\u00e9riss\u00e9e ou encore le lierre terrestre&#8230; Une belle reconnaissance !<\/p>\n","protected":false},"excerpt":{"rendered":"<p>Accr\u00e9ditation photos : toutes les photos du site ont \u00e9t\u00e9 r\u00e9alis\u00e9es par Raphael Kann photographe hors pair, professionnel et humain, que je remercie ici pour son incroyable travail et talent, et que je conseille \u00e0 toutes celles et ceux qui rechercheraient des photographies de qualit\u00e9.Site web : http:\/\/www.raphaelkann.com L&rsquo;agriculture biologique est un mode de production [&hellip;]<\/p>\n","protected":false},"author":3,"featured_media":0,"parent":0,"menu_order":0,"comment_status":"closed","ping_status":"closed","template":"","meta":{"footnotes":""},"class_list":["post-110","page","type-page","status-publish","hentry"],"_links":{"self":[{"href":"https:\/\/www.murmures-sauvages.fr\/index.php\/wp-json\/wp\/v2\/pages\/110","targetHints":{"allow":["GET"]}}],"collection":[{"href":"https:\/\/www.murmures-sauvages.fr\/index.php\/wp-json\/wp\/v2\/pages"}],"about":[{"href":"https:\/\/www.murmures-sauvages.fr\/index.php\/wp-json\/wp\/v2\/types\/page"}],"author":[{"embeddable":true,"href":"https:\/\/www.murmures-sauvages.fr\/index.php\/wp-json\/wp\/v2\/users\/3"}],"replies":[{"embeddable":true,"href":"https:\/\/www.murmures-sauvages.fr\/index.php\/wp-json\/wp\/v2\/comments?post=110"}],"version-history":[{"count":12,"href":"https:\/\/www.murmures-sauvages.fr\/index.php\/wp-json\/wp\/v2\/pages\/110\/revisions"}],"predecessor-version":[{"id":244,"href":"https:\/\/www.murmures-sauvages.fr\/index.php\/wp-json\/wp\/v2\/pages\/110\/revisions\/244"}],"wp:attachment":[{"href":"https:\/\/www.murmures-sauvages.fr\/index.php\/wp-json\/wp\/v2\/media?parent=110"}],"curies":[{"name":"wp","href":"https:\/\/api.w.org\/{rel}","templated":true}]}}