{"id":46,"date":"2022-06-10T16:09:22","date_gmt":"2022-06-10T14:09:22","guid":{"rendered":"https:\/\/www.murmures-sauvages.fr\/?page_id=46"},"modified":"2023-08-06T10:55:24","modified_gmt":"2023-08-06T08:55:24","slug":"propositions","status":"publish","type":"page","link":"https:\/\/www.murmures-sauvages.fr\/index.php\/propositions\/","title":{"rendered":""},"content":{"rendered":"\n<figure class=\"wp-block-image size-full is-resized\"><img loading=\"lazy\" decoding=\"async\" src=\"https:\/\/www.murmures-sauvages.fr\/wp-content\/uploads\/2022\/08\/ACTIVITES.jpg\" alt=\"\" class=\"wp-image-181\" width=\"533\" height=\"180\" srcset=\"https:\/\/www.murmures-sauvages.fr\/wp-content\/uploads\/2022\/08\/ACTIVITES.jpg 516w, https:\/\/www.murmures-sauvages.fr\/wp-content\/uploads\/2022\/08\/ACTIVITES-300x101.jpg 300w\" sizes=\"auto, (max-width: 533px) 100vw, 533px\" \/><\/figure>\n\n\n\n<p class=\"has-text-align-center has-text-color\" style=\"color:#155e43\"> <\/p>\n\n\n\n<figure class=\"wp-block-image alignleft size-large is-resized\"><img loading=\"lazy\" decoding=\"async\" src=\"https:\/\/www.murmures-sauvages.fr\/wp-content\/uploads\/2022\/06\/Raphael-Kann-2H1A9201_R-682x1024.jpg\" alt=\"\" class=\"wp-image-47\" width=\"428\" height=\"642\" srcset=\"https:\/\/www.murmures-sauvages.fr\/wp-content\/uploads\/2022\/06\/Raphael-Kann-2H1A9201_R-682x1024.jpg 682w, https:\/\/www.murmures-sauvages.fr\/wp-content\/uploads\/2022\/06\/Raphael-Kann-2H1A9201_R-200x300.jpg 200w, https:\/\/www.murmures-sauvages.fr\/wp-content\/uploads\/2022\/06\/Raphael-Kann-2H1A9201_R-768x1153.jpg 768w, https:\/\/www.murmures-sauvages.fr\/wp-content\/uploads\/2022\/06\/Raphael-Kann-2H1A9201_R.jpg 866w\" sizes=\"auto, (max-width: 428px) 100vw, 428px\" \/><figcaption class=\"wp-element-caption\"> <\/figcaption><\/figure>\n\n\n\n<p class=\"has-text-align-center has-text-color\" style=\"color:#206e50\"><br><br><br><strong>BALADE DECOUVERTE des PLANTES SAUVAGES COMESTIBLES<\/strong><\/p>\n\n\n\n<p class=\"has-text-align-center has-foreground-color has-text-color\"> Prenez votre matin\u00e9e ! Je vous ferai d\u00e9couvrir une dizaine de vari\u00e9t\u00e9s de plantes sauvages comestibles. J&rsquo;ai choisi des plantes communes que vous retrouverez facilement autour de chez vous. Nous verrons aussi les propri\u00e9t\u00e9s m\u00e9dicinales des plantes en question. <\/p>\n\n\n\n<p class=\"has-text-align-center\">Nous nous prom\u00e8nerons autour d&rsquo;un joli petit plan d&rsquo;eau sur le site de l&rsquo;Escalusse, \u00e0 Erc\u00e9, o\u00f9 fleurit une grande diversit\u00e9 de plantes. Le parcours est tr\u00e8s court, sans aucune difficult\u00e9, ce qui nous permettra de nous concentrer sur les plantes et de prendre notre temps. Nous pourrons ensuite pique-niquer tous ensemble, en mode auberge espagnole. <br>Il y a la possibilit\u00e9 de s&rsquo;abriter sous un pr\u00e9au en cas de pluie. <br><br><br><\/p>\n\n\n\n<p class=\"has-text-align-center\"><br><\/p>\n\n\n\n<figure class=\"wp-block-image alignright size-large is-resized\"><img loading=\"lazy\" decoding=\"async\" src=\"https:\/\/www.murmures-sauvages.fr\/wp-content\/uploads\/2022\/06\/Raphael-Kann-2H1A9644_R-1024x683.jpg\" alt=\"\" class=\"wp-image-67\" width=\"456\" height=\"304\" srcset=\"https:\/\/www.murmures-sauvages.fr\/wp-content\/uploads\/2022\/06\/Raphael-Kann-2H1A9644_R-1024x683.jpg 1024w, https:\/\/www.murmures-sauvages.fr\/wp-content\/uploads\/2022\/06\/Raphael-Kann-2H1A9644_R-300x200.jpg 300w, https:\/\/www.murmures-sauvages.fr\/wp-content\/uploads\/2022\/06\/Raphael-Kann-2H1A9644_R-768x512.jpg 768w, https:\/\/www.murmures-sauvages.fr\/wp-content\/uploads\/2022\/06\/Raphael-Kann-2H1A9644_R-1536x1024.jpg 1536w, https:\/\/www.murmures-sauvages.fr\/wp-content\/uploads\/2022\/06\/Raphael-Kann-2H1A9644_R.jpg 1950w\" sizes=\"auto, (max-width: 456px) 100vw, 456px\" \/><figcaption class=\"wp-element-caption\"> <\/figcaption><\/figure>\n\n\n\n<p><strong>Informations pratiques<\/strong> : <br>Contactez-moi (par mail ou t\u00e9l\u00e9phone) pour r\u00e9server votre balade. <br>Nous formerons des groupes de 10 personnes (adultes) maximum, afin de garder une certaine intimit\u00e9. Pour les groupes,  merci de me contacter.<br>Prenez des chaussures de marche ou baskets, une veste \u00e9tanche (le temps peut-\u00eatre tr\u00e8s changeant en montagne), un pique-nique \u00e0 partager et de quoi vous prot\u00e9ger du soleil. <br><br><\/p>\n\n\n\n<p class=\"has-foreground-color has-pale-cyan-blue-background-color has-text-color has-background\"><strong>DATES<\/strong> : presque tous les mercredis des mois de Juillet et Aout<\/p>\n\n\n\n<p class=\"has-light-green-cyan-background-color has-background\"><strong>Mercredi 5 juillet<\/strong><br><strong>Mercredi 19 juillet<br>Mercredi 26 juillet<br>Mercredi 9 aout<br>Mercredi 16 aout<br>Mercredi 23 aout<br>Mercredi 30 aout<\/strong><\/p>\n\n\n\n<p><br>Nous nous donnerons rendez-vous \u00e0 10h le jour fix\u00e9. L&rsquo;acc\u00e8s au site de l&rsquo;Escalusse est facile, il y a un grand parking.  <br><br>Important : nous sommes tributaires de la m\u00e9t\u00e9o, la balade peut-\u00eatre report\u00e9e en fonction des pr\u00e9visions. Les sorties sont possibles de mai \u00e0 octobre. <br>Tarif : 15\u20ac\/adultes &#8211; 7\u20ac pour les moins de 12 ans &#8211; gratuit pour les enfants de moins de 6 ans.<\/p>\n\n\n\n<p>En-dehors de ces dates, si vous souhaitez faire une balade n&rsquo;h\u00e9sitez pas \u00e0 me contacter. Je peux organiser une sortie pour des groupe de 5 personnes minimum. <br><\/p>\n\n\n\n<figure class=\"wp-block-image size-large\"><img loading=\"lazy\" decoding=\"async\" width=\"1024\" height=\"683\" src=\"https:\/\/www.murmures-sauvages.fr\/wp-content\/uploads\/2022\/06\/Raphael-Kann-2H1A9551-1024x683.jpg\" alt=\"\" class=\"wp-image-49\" srcset=\"https:\/\/www.murmures-sauvages.fr\/wp-content\/uploads\/2022\/06\/Raphael-Kann-2H1A9551-1024x683.jpg 1024w, https:\/\/www.murmures-sauvages.fr\/wp-content\/uploads\/2022\/06\/Raphael-Kann-2H1A9551-300x200.jpg 300w, https:\/\/www.murmures-sauvages.fr\/wp-content\/uploads\/2022\/06\/Raphael-Kann-2H1A9551-768x512.jpg 768w, https:\/\/www.murmures-sauvages.fr\/wp-content\/uploads\/2022\/06\/Raphael-Kann-2H1A9551-1536x1024.jpg 1536w, https:\/\/www.murmures-sauvages.fr\/wp-content\/uploads\/2022\/06\/Raphael-Kann-2H1A9551.jpg 1950w\" sizes=\"auto, (max-width: 1024px) 100vw, 1024px\" \/><figcaption class=\"wp-element-caption\"> <\/figcaption><\/figure>\n\n\n\n<p class=\"has-text-align-center has-text-color\" style=\"color:#155e43\"><br><br> <\/p>\n","protected":false},"excerpt":{"rendered":"<p>BALADE DECOUVERTE des PLANTES SAUVAGES COMESTIBLES Prenez votre matin\u00e9e ! Je vous ferai d\u00e9couvrir une dizaine de vari\u00e9t\u00e9s de plantes sauvages comestibles. J&rsquo;ai choisi des plantes communes que vous retrouverez facilement autour de chez vous. Nous verrons aussi les propri\u00e9t\u00e9s m\u00e9dicinales des plantes en question. Nous nous prom\u00e8nerons autour d&rsquo;un joli petit plan d&rsquo;eau sur [&hellip;]<\/p>\n","protected":false},"author":3,"featured_media":0,"parent":0,"menu_order":0,"comment_status":"open","ping_status":"closed","template":"","meta":{"footnotes":""},"class_list":["post-46","page","type-page","status-publish","hentry"],"_links":{"self":[{"href":"https:\/\/www.murmures-sauvages.fr\/index.php\/wp-json\/wp\/v2\/pages\/46","targetHints":{"allow":["GET"]}}],"collection":[{"href":"https:\/\/www.murmures-sauvages.fr\/index.php\/wp-json\/wp\/v2\/pages"}],"about":[{"href":"https:\/\/www.murmures-sauvages.fr\/index.php\/wp-json\/wp\/v2\/types\/page"}],"author":[{"embeddable":true,"href":"https:\/\/www.murmures-sauvages.fr\/index.php\/wp-json\/wp\/v2\/users\/3"}],"replies":[{"embeddable":true,"href":"https:\/\/www.murmures-sauvages.fr\/index.php\/wp-json\/wp\/v2\/comments?post=46"}],"version-history":[{"count":38,"href":"https:\/\/www.murmures-sauvages.fr\/index.php\/wp-json\/wp\/v2\/pages\/46\/revisions"}],"predecessor-version":[{"id":286,"href":"https:\/\/www.murmures-sauvages.fr\/index.php\/wp-json\/wp\/v2\/pages\/46\/revisions\/286"}],"wp:attachment":[{"href":"https:\/\/www.murmures-sauvages.fr\/index.php\/wp-json\/wp\/v2\/media?parent=46"}],"curies":[{"name":"wp","href":"https:\/\/api.w.org\/{rel}","templated":true}]}}